{"id":6,"date":"2021-02-25T23:30:45","date_gmt":"2021-02-26T02:30:45","guid":{"rendered":"http:\/\/educabahia.ba.gov.br\/?page_id=6"},"modified":"2021-02-27T20:48:46","modified_gmt":"2021-02-27T23:48:46","slug":"institucional","status":"publish","type":"page","link":"http:\/\/educabahia.ba.gov.br\/index.php\/institucional\/","title":{"rendered":"Institucional"},"content":{"rendered":"\r\n\r\n\r\n<p><b><span data-contrast=\"none\">Canal Educa Bahia<\/span><\/b><span data-contrast=\"none\">\u00a0\u00e9 o canal de televis\u00e3o da Secretaria da Educa\u00e7\u00e3o do Estado da Bahia. Um espa\u00e7o para difus\u00e3o de conte\u00fados educacionais criados pela Rede Estadual de Educa\u00e7\u00e3o e parceiros, como o Canal Futura e a TVE Bahia. Um instrumento de democratiza\u00e7\u00e3o do acesso \u00e0 informa\u00e7\u00e3o, \u00e0 ci\u00eancia e \u00e0 cultura.<\/span><span data-ccp-props=\"{&quot;134233117&quot;:true,&quot;134233118&quot;:true,&quot;201341983&quot;:0,&quot;335559739&quot;:300,&quot;335559740&quot;:240}\">\u00a0<\/span><\/p>\r\n<p><span data-contrast=\"none\">O\u00a0<\/span><b><span data-contrast=\"none\">Canal Educa Bahia<\/span><\/b><span data-contrast=\"none\">\u00a0\u00e9 um canal de televis\u00e3o aberto em sinal digital que j\u00e1 nasce presente em 107 munic\u00edpios, nos 27 Territ\u00f3rios de Identidade, alcan\u00e7ando, j\u00e1 na sua estreia, 66% dos estudantes do ensino m\u00e9dio, com alcance de 87,65% dos estudantes da educa\u00e7\u00e3o profissional.<\/span><span data-ccp-props=\"{&quot;134233117&quot;:true,&quot;134233118&quot;:true,&quot;201341983&quot;:0,&quot;335559739&quot;:300,&quot;335559740&quot;:240}\">\u00a0<\/span><\/p>\r\n<p><span data-contrast=\"none\">A iniciativa da Secretaria da Educa\u00e7\u00e3o da Bahia (SEC) atrav\u00e9s do Instituto de Radiodifus\u00e3o Educativa da Bahia (IRDEB) integra um conjunto de a\u00e7\u00f5es complementares implementadas com\u00a0<\/span><span data-contrast=\"none\">conte\u00fados<\/span><span data-contrast=\"none\">\u00a0exclusivos para a Educa\u00e7\u00e3o, durante as 24 horas por dia, todos os dias da semana, para que os estudantes possam assistir a uma programa\u00e7\u00e3o qualificada, que contempla os componentes curriculares do Ensino M\u00e9dio referenciados na Base Nacional Comum Curricular (BNCC).<\/span><span data-ccp-props=\"{&quot;134233117&quot;:true,&quot;134233118&quot;:true,&quot;201341983&quot;:0,&quot;335559739&quot;:300,&quot;335559740&quot;:240}\">\u00a0<\/span><\/p>\r\n<p><span data-contrast=\"none\">A parceria com o Canal Futura da Funda\u00e7\u00e3o Roberto Marinho permitir\u00e1, a partir desta segunda-feira, acesso a um novo conjunto de v\u00eddeo aulas de L\u00edngua Portuguesa, Matem\u00e1tica, Hist\u00f3ria, Geografia, Qu\u00edmica, F\u00edsica, Artes, L\u00edngua Inglesa, Educa\u00e7\u00e3o F\u00edsica, Literatura, Sociologia, Biologia, Reda\u00e7\u00e3o, Ci\u00eancias e L\u00edngua Espanhola. Permitir\u00e1 ainda o acesso a outros programas da emissora que \u00e9 refer\u00eancia em todo o pa\u00eds.<\/span><span data-ccp-props=\"{&quot;134233117&quot;:true,&quot;134233118&quot;:true,&quot;201341983&quot;:0,&quot;335559739&quot;:300,&quot;335559740&quot;:240}\">\u00a0<\/span><\/p>\r\n<p><span data-contrast=\"none\">J\u00e1\u00a0<\/span><span data-contrast=\"none\">o<\/span><span data-contrast=\"none\">\u00a0projeto<\/span><span data-contrast=\"none\">\u00a0<\/span><span data-contrast=\"none\">\u201c<\/span><span data-contrast=\"none\">Vamos Aprender<\/span><span data-contrast=\"none\">\u201d<\/span><span data-contrast=\"none\">\u00a0&#8211;<\/span><span data-contrast=\"none\">\u00a0<\/span><span data-contrast=\"none\">coordenado pelo\u00a0<\/span><span data-contrast=\"none\">CONSED e\u00a0<\/span><span data-contrast=\"none\">pela\u00a0<\/span><span data-contrast=\"none\">UNDIME, em parceria t\u00e9cnica com organiza\u00e7\u00f5es da sociedade\u00a0<\/span><span data-contrast=\"none\">civil e de conte\u00fado\u00a0<\/span><span data-contrast=\"none\">com v\u00e1rias institui\u00e7\u00f5es de aprendizagem remota<\/span><span data-contrast=\"none\">\u00a0&#8211;<\/span><span data-contrast=\"none\">, disponibiliza outros conte\u00fados que tamb\u00e9m estar\u00e3o no Educa Bahia.<\/span><span data-ccp-props=\"{&quot;134233117&quot;:true,&quot;134233118&quot;:true,&quot;201341983&quot;:0,&quot;335559739&quot;:300,&quot;335559740&quot;:240}\">\u00a0<\/span><\/p>\r\n<p><span data-contrast=\"none\">Al\u00e9m disso,\u00a0<\/span><span data-contrast=\"none\">professore(<\/span><span data-contrast=\"none\">a)s e estudantes ser\u00e3o estimulado(a)s a produzirem conte\u00fados para a TV da Educa\u00e7\u00e3o da Bahia.<\/span><span data-ccp-props=\"{&quot;134233117&quot;:true,&quot;134233118&quot;:true,&quot;201341983&quot;:0,&quot;335559739&quot;:300,&quot;335559740&quot;:240}\">\u00a0<\/span><\/p>\r\n<p><b><span data-contrast=\"none\">Bem-vindas. Bem-vindos. A casa \u00e9\u00a0<\/span><\/b><b><span data-contrast=\"none\">nossa!<\/span><\/b><span data-ccp-props=\"{&quot;134233117&quot;:true,&quot;134233118&quot;:true,&quot;201341983&quot;:0,&quot;335559739&quot;:300,&quot;335559740&quot;:240}\">\u00a0<\/span><\/p>\r\n","protected":false},"excerpt":{"rendered":"<p>Canal Educa Bahia\u00a0\u00e9 o canal de televis\u00e3o da Secretaria da Educa\u00e7\u00e3o do Estado da Bahia. Um espa\u00e7o para difus\u00e3o de conte\u00fados educacionais criados pela Rede Estadual de Educa\u00e7\u00e3o e parceiros,<\/p>\n","protected":false},"author":1,"featured_media":0,"parent":0,"menu_order":0,"comment_status":"closed","ping_status":"closed","template":"","meta":{"footnotes":""},"class_list":{"1":"page","2":"type-page","3":"status-publish","4":"hentry"},"_links":{"self":[{"href":"http:\/\/educabahia.ba.gov.br\/index.php\/wp-json\/wp\/v2\/pages\/6","targetHints":{"allow":["GET"]}}],"collection":[{"href":"http:\/\/educabahia.ba.gov.br\/index.php\/wp-json\/wp\/v2\/pages"}],"about":[{"href":"http:\/\/educabahia.ba.gov.br\/index.php\/wp-json\/wp\/v2\/types\/page"}],"author":[{"embeddable":true,"href":"http:\/\/educabahia.ba.gov.br\/index.php\/wp-json\/wp\/v2\/users\/1"}],"replies":[{"embeddable":true,"href":"http:\/\/educabahia.ba.gov.br\/index.php\/wp-json\/wp\/v2\/comments?post=6"}],"version-history":[{"count":16,"href":"http:\/\/educabahia.ba.gov.br\/index.php\/wp-json\/wp\/v2\/pages\/6\/revisions"}],"predecessor-version":[{"id":1120,"href":"http:\/\/educabahia.ba.gov.br\/index.php\/wp-json\/wp\/v2\/pages\/6\/revisions\/1120"}],"wp:attachment":[{"href":"http:\/\/educabahia.ba.gov.br\/index.php\/wp-json\/wp\/v2\/media?parent=6"}],"curies":[{"name":"wp","href":"https:\/\/api.w.org\/{rel}","templated":true}]}}